{"id":938,"date":"2022-08-02T14:08:06","date_gmt":"2022-08-02T12:08:06","guid":{"rendered":"https:\/\/palatin.ch.ownb.it\/privacy\/"},"modified":"2024-04-10T20:01:34","modified_gmt":"2024-04-10T18:01:34","slug":"protection-des-donnees","status":"publish","type":"page","link":"https:\/\/palatin.ch.ownb.it\/fr\/protection-des-donnees\/","title":{"rendered":"Protection des donn\u00e9es"},"content":{"rendered":"<div  class=\"page-section style-default layout-default align-default\">\n\t<div class=\"section-grid grid-layout container\"><div  style=\"--grid-layout-index: 1; --col-xs: 12; --col-sm: 12; --col-md: 12; --col-lg: 12; --col-xl: 12\" class=\"section-item layout-default layout-margin-default\">\n<div class=\"buttons\">\n\t<div class=\"button-group\">\n\n\t\t\t<a\n\t\t\t\thref=\"#consent-manager\" class=\"button style-default\"\n\t\t\t>\n\t\t\t\tPrivatsph\u00e4reneinstellungen\n\t\t\t<\/a>\n\n\t\t\t<a\n\t\t\t\thref=\"https:\/\/palatin.ch.ownb.it\/fr\/230831-datenschutzerklaerung_palatin\/\" target=\"_blank\" rel=\"noopener\" class=\"button style-default\"\n\t\t\t>\n\t\t\t\tDatenschutzerkl\u00e4rung als PDF\n\t\t\t<\/a>\n\t<\/div>\n<\/div><\/div><\/div>\n<\/div><div  class=\"page-section style-default layout-default align-default\">\n\t<div class=\"section-grid grid-layout container\"><div  style=\"--grid-layout-index: 1; --col-xs: 12; --col-sm: 12; --col-md: 12; --col-lg: 12; --col-xl: 12\" class=\"section-item layout-default layout-margin-default\"><p>Aus der Benutzung dieser Web-Pr\u00e4senz werden keine pers\u00f6nlichen Daten erhoben. Die Bestimmungen der schweizerischen Gesetze \u00fcber den Datenschutz sind eingehalten. Unsere Software der Antragsplattform entspricht den deutschen Datenschutz-Richtlinien. Diese sind die strengste Interpretation der europ\u00e4ischen Richtlinien zum Datenschutz. Die europ\u00e4ischen Datenschutz-Richtlinien sind strenger als die neu in der Schweiz geltenden. Dementsprechend sind die neuen Kriterien des Schweizer Datenschutzes mehr als ausreichend mit abgedeckt. Weitere Informationen entnehmen Sie bitte dem oben verlinkten PDF.<\/p>\n<\/div><\/div>\n<\/div>","protected":false},"excerpt":{"rendered":"<p>Privatsph\u00e4reneinstellungen Datenschutzerkl\u00e4rung als PDF Aus der Benutzung dieser Web-Pr\u00e4senz werden keine pers\u00f6nlichen Daten erhoben. Die Bestimmungen der schweizerischen Gesetze \u00fcber den Datenschutz sind eingehalten. Unsere Software der Antragsplattform entspricht den deutschen Datenschutz-Richtlinien. Diese sind die strengste Interpretation der europ\u00e4ischen Richtlinien zum Datenschutz. Die europ\u00e4ischen Datenschutz-Richtlinien sind strenger als die neu in der Schweiz geltenden. Dementsprechend [&hellip;]<\/p>\n","protected":false},"author":1,"featured_media":0,"parent":0,"menu_order":0,"comment_status":"closed","ping_status":"closed","template":"","meta":{"_acf_changed":false,"inline_featured_image":false,"footnotes":""},"class_list":["post-938","page","type-page","status-publish","hentry"],"acf":[],"_links":{"self":[{"href":"https:\/\/palatin.ch.ownb.it\/fr\/wp-json\/wp\/v2\/pages\/938","targetHints":{"allow":["GET"]}}],"collection":[{"href":"https:\/\/palatin.ch.ownb.it\/fr\/wp-json\/wp\/v2\/pages"}],"about":[{"href":"https:\/\/palatin.ch.ownb.it\/fr\/wp-json\/wp\/v2\/types\/page"}],"author":[{"embeddable":true,"href":"https:\/\/palatin.ch.ownb.it\/fr\/wp-json\/wp\/v2\/users\/1"}],"replies":[{"embeddable":true,"href":"https:\/\/palatin.ch.ownb.it\/fr\/wp-json\/wp\/v2\/comments?post=938"}],"version-history":[{"count":1,"href":"https:\/\/palatin.ch.ownb.it\/fr\/wp-json\/wp\/v2\/pages\/938\/revisions"}],"predecessor-version":[{"id":939,"href":"https:\/\/palatin.ch.ownb.it\/fr\/wp-json\/wp\/v2\/pages\/938\/revisions\/939"}],"wp:attachment":[{"href":"https:\/\/palatin.ch.ownb.it\/fr\/wp-json\/wp\/v2\/media?parent=938"}],"curies":[{"name":"wp","href":"https:\/\/api.w.org\/{rel}","templated":true}]}}