{"id":770,"date":"2024-03-03T09:15:39","date_gmt":"2024-03-03T08:15:39","guid":{"rendered":"https:\/\/palatin.ch.ownb.it\/stiftung\/"},"modified":"2024-03-31T21:06:51","modified_gmt":"2024-03-31T19:06:51","slug":"fondation","status":"publish","type":"page","link":"https:\/\/palatin.ch.ownb.it\/fr\/fondation\/","title":{"rendered":"Fondation"},"content":{"rendered":"<div class=\"page-intro page-section style-default layout-default\">\n\t<div class=\"container\">\n\t\t<h1 class=\"huge-title\">Fondation<\/h1>\n\t\t<div class=\"content no-inner-padding\">\n<p>La Fondation Palatin est une fondation d&#8217;attribution dont le si\u00e8ge est \u00e0 B\u00e2le. Elle s&#8217;engage pour une croissance aussi libre et autod\u00e9termin\u00e9e que possible des enfants, adolescents et jeunes adultes, pour le renforcement de l&#8217;expression et de la (co)responsabilit\u00e9 sociale du groupe cible de la promotion. Elle s&#8217;engage pour l&#8217;am\u00e9lioration des conditions de d\u00e9veloppement et des structures pour le groupe cible et renforce pour cela les bases n\u00e9cessaires telles que la sant\u00e9 physique, psychique et sociale.<\/p>\n\t\t<\/div>\n\t<\/div>\n<\/div><div  class=\"page-section style-default layout-default align-default\">\n\t<div class=\"section-grid grid-layout container\"><div  style=\"--grid-layout-index: 1; --col-xs: 12; --col-sm: 12; --col-md: 12; --col-lg: 12; --col-xl: 12\" class=\"section-item layout-default layout-margin-default\"><h2>Portrait<\/h2>\n<p>La fondation Palatin a \u00e9t\u00e9 cr\u00e9\u00e9e en 2011 et a son si\u00e8ge \u00e0 B\u00e2le. Dans le cadre de son objet, elle s&#8217;engage pour les chances d&#8217;avenir des enfants, des adolescents et des jeunes adultes. En tant que fondation ind\u00e9pendante, nous soutenons des projets qui ne sont pas ou seulement partiellement financ\u00e9s par le secteur public et les organisations priv\u00e9es.<\/p>\n<p>La Fondation Palatin est soumise \u00e0 la surveillance des fondations du canton de B\u00e2le-Ville (BSABB) et est membre de <a href=\"https:\/\/www.swissfoundations.ch\/fr\/\" target=\"_blank\" rel=\"noopener\">l&#8217;Association suisse des fondations donatrices d&#8217;utilit\u00e9 publique suisses<\/a> (lien vers www.swissfoundations.ch).<\/p>\n<\/div><\/div>\n<\/div><div  class=\"page-section style-default layout-default align-default\">\n\t<div class=\"section-grid grid-layout container\"><div  style=\"--grid-layout-index: 1; --col-xs: 12; --col-sm: 12; --col-md: 12; --col-lg: 12; --col-xl: 12\" class=\"section-item layout-default layout-margin-default\"><h2>Conseil de Fondation<\/h2>\n<p>En tant qu&#8217;organe supr\u00eame, le Conseil de la fondation g\u00e8re la fortune de la Fondation, d\u00e9finit l\u2019orientation des activit\u00e9s de soutien et d\u00e9cide de la dotation de projets.<\/p>\n\n\n<div class=\"employees\">\n\t<div class=\"employee-grid\">\n\n\n\n\t\t\t<div class=\"employee\">\n\t\t\t\t<div class=\"employee-image\">\n\t\t\t\t\t\t<img loading=\"lazy\" decoding=\"async\" src=\"data:image\/svg+xml;charset=utf-8,%3Csvg%20aria-hidden%3D%22true%22%20focusable%3D%22false%22%20width%3D%22513%22%20height%3D%22427%22%20xmlns%3D%22http%3A%2F%2Fwww.w3.org%2F2000%2Fsvg%22%3E%0A%3Cg%20fill%3D%22none%22%20fill-rule%3D%22evenodd%22%3E%0A%09%3Crect%20x%3D%220%22%20y%3D%220%22%20width%3D%22100%25%22%20height%3D%22100%25%22%20fill%3D%22%23E7EDE9%22%20%2F%3E%0A%3C%2Fg%3E%0A%3C%2Fsvg%3E\" width=\"513\" height=\"427\" alt=\"\" \/>\n\t\t\t\t<\/div>\n\t\t\t\t<div class=\"employee-text\">\n\t\t\t\t\t<h3>Thomas Brunner<\/h3>\n\t\t\t\t\t<div class=\"employee-position\" itemprop=\"jobTitle\">\n\t\t\t\t\t\tMembre du conseil de fondation\n\t\t\t\t\t<\/div>\n\t\t\t\t<\/div>\n\t\t\t<\/div>\n\n\n\n\t\t\t<div class=\"employee\">\n\t\t\t\t<div class=\"employee-image\">\n\t\t\t\t\t\t<img loading=\"lazy\" decoding=\"async\" src=\"data:image\/svg+xml;charset=utf-8,%3Csvg%20aria-hidden%3D%22true%22%20focusable%3D%22false%22%20width%3D%22513%22%20height%3D%22427%22%20xmlns%3D%22http%3A%2F%2Fwww.w3.org%2F2000%2Fsvg%22%3E%0A%3Cg%20fill%3D%22none%22%20fill-rule%3D%22evenodd%22%3E%0A%09%3Crect%20x%3D%220%22%20y%3D%220%22%20width%3D%22100%25%22%20height%3D%22100%25%22%20fill%3D%22%23E7EDE9%22%20%2F%3E%0A%3C%2Fg%3E%0A%3C%2Fsvg%3E\" width=\"513\" height=\"427\" alt=\"\" \/>\n\t\t\t\t<\/div>\n\t\t\t\t<div class=\"employee-text\">\n\t\t\t\t\t<h3>Jacqueline Burckhardt Bertossa<\/h3>\n\t\t\t\t\t<div class=\"employee-position\" itemprop=\"jobTitle\">\n\t\t\t\t\t\tPr\u00e9sidente et membre du conseil de fondation\n\t\t\t\t\t<\/div>\n\t\t\t\t<\/div>\n\t\t\t<\/div>\n\n\n\n\t\t\t<div class=\"employee\">\n\t\t\t\t<div class=\"employee-image\">\n<img loading=\"lazy\" decoding=\"async\" width=\"513\" height=\"427\" src=\"https:\/\/palatin.ch.ownb.it\/wp-content\/uploads\/Sandra-Cortesi_resize-513x427.png\" class=\"attachment-employee size-employee wp-post-image\" alt=\"Portrait Dr. Sandra Cortesi\" srcset=\"https:\/\/palatin.ch.ownb.it\/wp-content\/uploads\/Sandra-Cortesi_resize-513x427.png 513w, https:\/\/palatin.ch.ownb.it\/wp-content\/uploads\/Sandra-Cortesi_resize-1026x854.png 1026w\" sizes=\"auto, (max-width: 513px) 100vw, 513px\" \/>\t\t\t\t<\/div>\n\t\t\t\t<div class=\"employee-text\">\n\t\t\t\t\t<h3>Dr. Sandra Cortesi<\/h3>\n\t\t\t\t\t<div class=\"employee-position\" itemprop=\"jobTitle\">\n\t\t\t\t\t\tMembre du conseil de fondation\n\t\t\t\t\t<\/div>\n\t\t\t\t<\/div>\n\t\t\t<\/div>\n\n\n\n\t\t\t<div class=\"employee\">\n\t\t\t\t<div class=\"employee-image\">\n<img loading=\"lazy\" decoding=\"async\" width=\"427\" height=\"427\" src=\"https:\/\/palatin.ch.ownb.it\/wp-content\/uploads\/Alexander_Grob-e1711110134940.jpg\" class=\"attachment-employee size-employee wp-post-image\" alt=\"Portrait Prof. Dr. Alexander Grob\" \/>\t\t\t\t<\/div>\n\t\t\t\t<div class=\"employee-text\">\n\t\t\t\t\t<h3>Prof. Dr. Alexander Grob<\/h3>\n\t\t\t\t\t<div class=\"employee-position\" itemprop=\"jobTitle\">\n\t\t\t\t\t\tMembre du conseil de fondation\n\t\t\t\t\t<\/div>\n\t\t\t\t<\/div>\n\t\t\t<\/div>\n\n\n\n\t\t\t<div class=\"employee\">\n\t\t\t\t<div class=\"employee-image\">\n<img loading=\"lazy\" decoding=\"async\" width=\"513\" height=\"427\" src=\"https:\/\/palatin.ch.ownb.it\/wp-content\/uploads\/Prof.-Dr.-Gustav-von-Schulthess-513x427.jpg\" class=\"attachment-employee size-employee wp-post-image\" alt=\"Portrait Prof. Dr. Gustav von Schulthess\" srcset=\"https:\/\/palatin.ch.ownb.it\/wp-content\/uploads\/Prof.-Dr.-Gustav-von-Schulthess-513x427.jpg 513w, https:\/\/palatin.ch.ownb.it\/wp-content\/uploads\/Prof.-Dr.-Gustav-von-Schulthess-1026x854.jpg 1026w\" sizes=\"auto, (max-width: 513px) 100vw, 513px\" \/>\t\t\t\t<\/div>\n\t\t\t\t<div class=\"employee-text\">\n\t\t\t\t\t<h3>Prof. Dr. Gustav von Schulthess<\/h3>\n\t\t\t\t\t<div class=\"employee-position\" itemprop=\"jobTitle\">\n\t\t\t\t\t\tMembre du conseil de fondation\n\t\t\t\t\t<\/div>\n\t\t\t\t<\/div>\n\t\t\t<\/div>\n\t<\/div>\n<\/div><\/div><\/div>\n<\/div><div  class=\"page-section style-default layout-default align-default\">\n\t<div class=\"section-grid grid-layout container\"><div  style=\"--grid-layout-index: 1; --col-xs: 12; --col-sm: 12; --col-md: 12; --col-lg: 12; --col-xl: 12\" class=\"section-item layout-default layout-margin-default\"><h2>Bureau de l&#8217;association<\/h2>\n<p>Annette Graul est responsable de la gestion de la dotation des projets et dirige les projets de la Fondation.<\/p>\n\n\n<div class=\"employees\">\n\t<div class=\"employee-grid\">\n\n\n\n\t\t\t<div class=\"employee\">\n\t\t\t\t<div class=\"employee-image\">\n<img loading=\"lazy\" decoding=\"async\" width=\"513\" height=\"427\" src=\"https:\/\/palatin.ch.ownb.it\/wp-content\/uploads\/Annette_Graul-513x427.jpg\" class=\"attachment-employee size-employee wp-post-image\" alt=\"Portrait Annette Graul\" srcset=\"https:\/\/palatin.ch.ownb.it\/wp-content\/uploads\/Annette_Graul-513x427.jpg 513w, https:\/\/palatin.ch.ownb.it\/wp-content\/uploads\/Annette_Graul-1026x854.jpg 1026w\" sizes=\"auto, (max-width: 513px) 100vw, 513px\" \/>\t\t\t\t<\/div>\n\t\t\t\t<div class=\"employee-text\">\n\t\t\t\t\t<h3>Annette Graul<\/h3>\n\t\t\t\t\t<div class=\"employee-position\" itemprop=\"jobTitle\">\n\t\t\t\t\t\tDirecteur ex\u00e9cutif\n\t\t\t\t\t<\/div>\n\t\t\t\t\t<div class=\"employee-email\">\n\t\t\t\t\t\t<a href=\"mailto:gf@palatin.ch\">\n\t\t\t\t\t\t\tgf@palatin.ch\n\t\t\t\t\t\t<\/a>\n\t\t\t\t\t<\/div>\n\t\t\t\t\t<div class=\"employee-phone\">\n\t\t\t\t\t\t<a href=\"tel:+41 (0)79 523 47 72\">\n\t\t\t\t\t\t\t+41 (0)79 523 47 72\n\t\t\t\t\t\t<\/a>\n\t\t\t\t\t<\/div>\n\t\t\t\t<\/div>\n\t\t\t<\/div>\n\t<\/div>\n<\/div>\n<p style=\"margin-bottom: -1em;\">Gesch\u00e4ftsstelle\/ Postadresse:<\/p>\n\n<p>Palatin Stiftung<br \/>\nSt. Alban-Vorstadt 12<br \/>\n4052 Basel<\/p>\n<\/div><\/div>\n<\/div>","protected":false},"excerpt":{"rendered":"<p>La Fondation Palatin est une fondation d&#8217;attribution dont le si\u00e8ge est \u00e0 B\u00e2le. Elle s&#8217;engage pour une croissance aussi libre et autod\u00e9termin\u00e9e que possible des enfants, adolescents et jeunes adultes, pour le renforcement de l&#8217;expression et de la (co)responsabilit\u00e9 sociale du groupe cible de la promotion. Elle s&#8217;engage pour l&#8217;am\u00e9lioration des conditions de d\u00e9veloppement et [&hellip;]<\/p>\n","protected":false},"author":1,"featured_media":0,"parent":0,"menu_order":0,"comment_status":"closed","ping_status":"closed","template":"","meta":{"_acf_changed":false,"inline_featured_image":false,"footnotes":""},"class_list":["post-770","page","type-page","status-publish","hentry"],"acf":[],"_links":{"self":[{"href":"https:\/\/palatin.ch.ownb.it\/fr\/wp-json\/wp\/v2\/pages\/770","targetHints":{"allow":["GET"]}}],"collection":[{"href":"https:\/\/palatin.ch.ownb.it\/fr\/wp-json\/wp\/v2\/pages"}],"about":[{"href":"https:\/\/palatin.ch.ownb.it\/fr\/wp-json\/wp\/v2\/types\/page"}],"author":[{"embeddable":true,"href":"https:\/\/palatin.ch.ownb.it\/fr\/wp-json\/wp\/v2\/users\/1"}],"replies":[{"embeddable":true,"href":"https:\/\/palatin.ch.ownb.it\/fr\/wp-json\/wp\/v2\/comments?post=770"}],"version-history":[{"count":7,"href":"https:\/\/palatin.ch.ownb.it\/fr\/wp-json\/wp\/v2\/pages\/770\/revisions"}],"predecessor-version":[{"id":804,"href":"https:\/\/palatin.ch.ownb.it\/fr\/wp-json\/wp\/v2\/pages\/770\/revisions\/804"}],"wp:attachment":[{"href":"https:\/\/palatin.ch.ownb.it\/fr\/wp-json\/wp\/v2\/media?parent=770"}],"curies":[{"name":"wp","href":"https:\/\/api.w.org\/{rel}","templated":true}]}}