{"id":766,"date":"2024-03-03T09:15:39","date_gmt":"2024-03-03T08:15:39","guid":{"rendered":"https:\/\/palatin.ch.ownb.it\/foerderung\/"},"modified":"2024-03-31T21:42:03","modified_gmt":"2024-03-31T19:42:03","slug":"promotion","status":"publish","type":"page","link":"https:\/\/palatin.ch.ownb.it\/fr\/promotion\/","title":{"rendered":"Promotion"},"content":{"rendered":"<div class=\"page-intro page-section style-default layout-default\">\n\t<div class=\"container\">\n\t\t<h1 class=\"huge-title\">Promotion<\/h1>\n\t\t<div class=\"content no-inner-padding\">\n<p>La Fondation Palatine s&#8217;engage pour une croissance aussi libre et autod\u00e9termin\u00e9e que possible des enfants, adolescents et jeunes adultes, pour le renforcement de l&#8217;expression et de la (co)responsabilit\u00e9 sociale du groupe cible de la promotion. Elle s&#8217;engage pour l&#8217;am\u00e9lioration des conditions de d\u00e9veloppement et des structures pour le groupe cible et renforce pour cela les bases n\u00e9cessaires telles que la sant\u00e9 physique, psychique et sociale.<\/p>\n\n\n<div class=\"buttons\">\n\t<div class=\"button-group\">\n\n\t\t\t<a\n\t\t\t\thref=\"https:\/\/palatin.ch.ownb.it\/fr\/deposer-une-requete\/\" class=\"button style-default\"\n\t\t\t>\n\t\t\t\tD\u00e9poser une requ\u00eate\n\t\t\t<\/a>\n\t<\/div>\n<\/div>\t\t<\/div>\n\t<\/div>\n<\/div><div  class=\"page-section style-default layout-default align-default\">\n\t<div class=\"section-grid grid-layout container\"><div  style=\"--grid-layout-index: 1\" class=\"section-item layout-default layout-margin-default\"><h2>Objectifs de promotion<\/h2>\n<p>Pour atteindre ces objectifs, la fondation soutient, initie et dirige des projets dans le domaine de la recherche et de la pratique dans les domaines de la <span class=\"text-marker blue\">&#8220;Participation et coresponsabilit\u00e9 sociale pour une soci\u00e9t\u00e9 ouverte et d\u00e9mocratique&#8221;<\/span> ainsi que de la <span class=\"text-marker yellow\">&#8220;Sant\u00e9 physique, psychique et sociale&#8221;<\/span>.<\/p>\n<p>La pratique d&#8217;attribution se concentre sur des projets du domaine de la <span class=\"text-marker peach\">science\/recherche<\/span> et du domaine de la <span class=\"text-marker peach\">pratique\/des soins<\/span>.<\/p>\n\n<p>La domaine prioritaire <span class=\"text-marker blue\">&#8220;Participation et coresponsabilit\u00e9 sociale&#8221;<\/span> soutient des projets qui &#8230;<\/p>\n<ul>\n<li>&#8230;\u00e9tudient l&#8217;impact de l&#8217;utilisation des m\u00e9dias et des technologies num\u00e9riques sur les enfants et les jeunes.<\/li>\n<li>&#8230;renforcent les comp\u00e9tences telles que la pens\u00e9e critique, le jugement moral et la responsabilit\u00e9 personnelle et partag\u00e9e dans la soci\u00e9t\u00e9<\/li>\n<li>&#8230;promouvoir la participation et l&#8217;int\u00e9gration des enfants, des adolescents et des jeunes adultes issus de l&#8217;immigration.<\/li>\n<\/ul>\n\n<p>La domaine prioritaire <span class=\"text-marker yellow\">&#8220;Sant\u00e9 physique, psychique et sociale&#8221;<\/span> soutient des projets qui &#8230;<\/p>\n<ul>\n<li>&#8230;\u00e9tudient la sant\u00e9 physique, psychique et sociale des enfants et des jeunes ou les conditions n\u00e9cessaires \u00e0 celle-ci<\/li>\n<li>&#8230;d\u00e9veloppent et r\u00e9alisent des structures et des offres pour les enfants et les jeunes, qui favorisent la sant\u00e9 physique, psychique et sociale du groupe cible<\/li>\n<li>&#8230;favoriser le d\u00e9veloppement des enfants et des jeunes qui se trouvent dans des conditions de vie difficiles<\/li>\n<li>&#8230;renforcer les interfaces entre les domaines de la sant\u00e9 physique, psychique et sociale.<\/li>\n<\/ul>\n\n<p>Domaine d&#8217;encouragement <span class=\"text-marker peach\">pratique\/soins<\/span> : La Fondation Palatine soutient des projets de pratique et de soins qui&#8230;<\/p>\n<ul>\n<li>&#8230;testent et mettent en \u0153uvre des approches innovantes et in\u00e9dites dans le travail avec les enfants et les jeunes.<\/li>\n<li>&#8230;concevoir et cr\u00e9er des structures et des offres concr\u00e8tes<\/li>\n<\/ul>\n\n<p>Domaine de promotion <span class=\"text-marker peach\">Science\/Recherche<\/span> : La Fondation Palatine soutient des projets de recherche qui&#8230;<\/p>\n<ul>\n<li>&#8230;cr\u00e9ent des bases scientifiques<\/li>\n<li>&#8230;d\u00e9montrent l&#8217;\u00e9vidence et les relations de cause \u00e0 effet.<\/li>\n<\/ul>\n\n<p>Pour les projets de recherche, veuillez noter que la Fondation Palatine a besoin de renseignements sur l&#8217;\u00e9tat d&#8217;avancement concernant l&#8217;autorisation par la commission d&#8217;\u00e9thique. La Fondation Palatine accepte les demandes de recherche qui ne disposent pas encore d&#8217;une autorisation compl\u00e8te. Les subsides ne sont toutefois vers\u00e9s qu&#8217;apr\u00e8s l&#8217;obtention de l&#8217;autorisation.<\/p>\n<\/div><\/div>\n<\/div><div  id=\"conditions-de-soumission\" class=\"page-section style-default layout-default align-default\">\n\t<div class=\"section-grid grid-layout container\"><div  style=\"--grid-layout-index: 1; --col-xs: 12; --col-sm: 12; --col-md: 12; --col-lg: 12; --col-xl: 12\" class=\"section-item layout-default layout-margin-default\"><h2>Conditions de soumission<\/h2>\n<p>Nous nous concentrons sur des projets achev\u00e9s dans le temps, qui r\u00e9pondent \u00e0 un besoin particulier, garantissent la qualit\u00e9 et sont orient\u00e9s vers la durabilit\u00e9.<\/p>\n<p>Notre engagement est orient\u00e9 vers le partenariat.<\/p>\n<p>Toutes les demandes doivent \u00eatre soumises au moyen de notre formulaire de demande.<\/p>\n<p>Nous ne r\u00e9pondons pas aux demandes en aveugle.<\/p>\n<p>Nous communiquons en allemand et en anglais avec les demandeurs.<\/p>\n\n\n<div class=\"buttons\">\n\t<div class=\"button-group\">\n\n\t\t\t<a\n\t\t\t\thref=\"https:\/\/palatin.ch.ownb.it\/fr\/deposer-une-requete\/\" class=\"button style-default\"\n\t\t\t>\n\t\t\t\tAcc\u00e9der au formulaire de requ\u00eate\n\t\t\t<\/a>\n\t<\/div>\n<\/div>\n<p><img loading=\"lazy\" decoding=\"async\" class=\"alignnone size-full wp-image-481\" src=\"https:\/\/palatin.ch.ownb.it\/wp-content\/uploads\/plus.svg\" alt=\"\" width=\"49\" height=\"49\" \/><\/p>\n<p>Crit\u00e8res positifs : La Fondation Palatine soutient des projets et des causes qui &#8230;<\/p>\n<ul>\n<li>&#8230; b\u00e9n\u00e9ficient \u00e0 des enfants, adolescents et jeunes adultes (&lt; 27 ans)<\/li>\n<li>&#8230; proviennent d&#8217;institutions ayant leur si\u00e8ge dans la r\u00e9gion de B\u00e2le ou en Suisse<\/li>\n<li>&#8230; sont efficaces dans la r\u00e9gion de B\u00e2le, en Suisse et en Europe<\/li>\n<li>&#8230; semblent prometteurs au regard d&#8217;un besoin sp\u00e9cifique ou d&#8217;une lacune manifeste<\/li>\n<li>&#8230; produisent un effet de signal et de multiplication exemplaire<\/li>\n<li>&#8230; dispose d&#8217;un volume de projet minimal de CHF 10&#8217;000<\/li>\n<li>&#8230; n\u00e9cessite un financement initial ou de d\u00e9marrage.<\/li>\n<\/ul>\n\n<p><img loading=\"lazy\" decoding=\"async\" class=\"alignnone wp-image-484\" src=\"https:\/\/palatin.ch.ownb.it\/wp-content\/uploads\/minus.svg\" alt=\"\" width=\"49\" height=\"49\" \/><\/p>\n<p>Crit\u00e8res n\u00e9gatifs : La Fondation Palatine soutient &#8230;<\/p>\n<ul>\n<li>&#8230; uniquement dans des cas exceptionnels des financements ult\u00e9rieurs et de suivi<\/li>\n<li>&#8230; pas de projets de recherche fondamentale (pas d&#8217;exp\u00e9rimentation animale)<\/li>\n<li>&#8230; pas de projets de construction et d&#8217;infrastructure<\/li>\n<li>&#8230; pas de projets en faveur de personnes individuelles ou de petits groupes cibles<\/li>\n<li>&#8230; pas de projets b\u00e9n\u00e9ficiant en premier lieu \u00e0 des adultes<\/li>\n<li>&#8230; pas de projets qui ne sont pas limit\u00e9s dans le temps<\/li>\n<li>&#8230; pas de frais d&#8217;entretien et d&#8217;exploitation courants<\/li>\n<li>&#8230; pas de projets qui rel\u00e8vent des structures ordinaires de l&#8217;Etat (p. ex. \u00e9cole), qui font partie de l&#8217;offre publique de base ou qui vont \u00e0 l&#8217;encontre de d\u00e9cisions structurelles concr\u00e8tes des pouvoirs publics.<\/li>\n<\/ul>\n<\/div><\/div>\n<\/div><div  class=\"page-section style-default layout-default align-default\">\n\t<div class=\"section-grid grid-layout container\"><div  style=\"--grid-layout-index: 1; --col-xs: 12; --col-sm: 12; --col-md: 12; --col-lg: 12; --col-xl: 12\" class=\"section-item layout-default layout-margin-default\"><h2>D\u00e9pot de la demande<\/h2>\n<p>Nous nous r\u00e9jouissons de recevoir des demandes qui correspondent aux objectifs de soutien (lien vers la page &#8220;Soutien&#8221;) de la Fondation Palatine.<\/p>\n<p>Prochaines dates limites pour le d\u00e9p\u00f4t des demandes :<br \/>\n<span class=\"text-marker peach\">10 f\u00e9vrier et 30 juin 2024<\/span><\/p>\n<p>Les soumissions de projets ax\u00e9s sur la sant\u00e9 (m\u00e9dicale) dans le domaine de la recherche ne sont accept\u00e9es qu&#8217;une fois par an : <span class=\"text-marker peach\">30 juin 2024.<\/span><\/p>\n\n\n<div class=\"buttons\">\n\t<div class=\"button-group\">\n\n\t\t\t<a\n\t\t\t\thref=\"https:\/\/palatin.ch.ownb.it\/gesuch-einreichen\/\" class=\"button style-default\"\n\t\t\t>\n\t\t\t\tD\u00e9poser une requ\u00eate\n\t\t\t<\/a>\n\t<\/div>\n<\/div><\/div><\/div>\n<\/div><div  class=\"page-section style-default layout-default align-default\">\n\t<div class=\"section-grid grid-layout container\"><div  style=\"--grid-layout-index: 1; --col-xs: 12; --col-sm: 12; --col-md: 12; --col-lg: 12; --col-xl: 12\" class=\"section-item layout-default layout-margin-default\"><h2>Processus et \u00e9valuation<\/h2>\n<p>Le conseil de fondation statue sur les demandes \u00e0 deux reprises au cours de l&#8217;ann\u00e9e. Celles-ci peuvent en principe \u00eatre d\u00e9pos\u00e9es \u00e0 tout moment. Il n&#8217;existe pas de droit l\u00e9gal \u00e0 un soutien. La d\u00e9cision du conseil de fondation est communiqu\u00e9e par \u00e9crit aux requ\u00e9rants.<\/p>\n<p>Le conseil de fondation peut demander \u00e0 voir la r\u00e9alisation du projet si cela lui semble appropri\u00e9 pour contr\u00f4ler l&#8217;utilisation des fonds conform\u00e9ment au but.<\/p>\n<\/div><\/div>\n<\/div>","protected":false},"excerpt":{"rendered":"<p>Promotion La Fondation Palatine s&#8217;engage pour une croissance aussi libre et autod\u00e9termin\u00e9e que possible des enfants, adolescents et jeunes adultes, pour le renforcement de l&#8217;expression et de la (co)responsabilit\u00e9 sociale du groupe cible de la promotion. Elle s&#8217;engage pour l&#8217;am\u00e9lioration des conditions de d\u00e9veloppement et des structures pour le groupe cible et renforce pour cela [&hellip;]<\/p>\n","protected":false},"author":1,"featured_media":0,"parent":0,"menu_order":0,"comment_status":"closed","ping_status":"closed","template":"","meta":{"_acf_changed":false,"inline_featured_image":false,"footnotes":""},"class_list":["post-766","page","type-page","status-publish","hentry"],"acf":[],"_links":{"self":[{"href":"https:\/\/palatin.ch.ownb.it\/fr\/wp-json\/wp\/v2\/pages\/766","targetHints":{"allow":["GET"]}}],"collection":[{"href":"https:\/\/palatin.ch.ownb.it\/fr\/wp-json\/wp\/v2\/pages"}],"about":[{"href":"https:\/\/palatin.ch.ownb.it\/fr\/wp-json\/wp\/v2\/types\/page"}],"author":[{"embeddable":true,"href":"https:\/\/palatin.ch.ownb.it\/fr\/wp-json\/wp\/v2\/users\/1"}],"replies":[{"embeddable":true,"href":"https:\/\/palatin.ch.ownb.it\/fr\/wp-json\/wp\/v2\/comments?post=766"}],"version-history":[{"count":10,"href":"https:\/\/palatin.ch.ownb.it\/fr\/wp-json\/wp\/v2\/pages\/766\/revisions"}],"predecessor-version":[{"id":842,"href":"https:\/\/palatin.ch.ownb.it\/fr\/wp-json\/wp\/v2\/pages\/766\/revisions\/842"}],"wp:attachment":[{"href":"https:\/\/palatin.ch.ownb.it\/fr\/wp-json\/wp\/v2\/media?parent=766"}],"curies":[{"name":"wp","href":"https:\/\/api.w.org\/{rel}","templated":true}]}}