{"id":760,"date":"2024-03-03T09:15:39","date_gmt":"2024-03-03T08:15:39","guid":{"rendered":"https:\/\/palatin.ch.ownb.it\/projekte\/"},"modified":"2024-03-31T20:53:01","modified_gmt":"2024-03-31T18:53:01","slug":"projets","status":"publish","type":"page","link":"https:\/\/palatin.ch.ownb.it\/fr\/projets\/","title":{"rendered":"Les projets"},"content":{"rendered":"<div class=\"page-intro page-section style-default layout-default\">\n\t<div class=\"container\">\n\t\t<h1 class=\"huge-title\">Les projets<\/h1>\n\t\t<div class=\"content no-inner-padding\">\n<p>La Fondation Palatine soutient, initie et dirige des projets dans le domaine de la recherche et de la pratique dans les domaines de la <span class=\"text-marker blue\">&#8220;Participation et coresponsabilit\u00e9 sociale pour une soci\u00e9t\u00e9 ouverte et d\u00e9mocratique&#8221;<\/span> ainsi que de la <span class=\"text-marker yellow\">&#8220;Sant\u00e9 physique, psychique et sociale&#8221;<\/span>.<\/p>\n\t\t<\/div>\n\t<\/div>\n<\/div>\n\n\n\t<div class=\"recent-posts\">\n\t\t<div class=\"filter page-section style-default layout-default\" style=\"border-top: none;\">\n\t\t\t<div class=\"container\">\n\t\t\t\t<div class=\"button-group\">\n\t\t\t\t\t<a  href=\"https:\/\/palatin.ch.ownb.it\/fr\/projets\/\" class=\"button style-secondary\" aria-current=\"page\">\n\t\t\t\t\t\tTous\n\t\t\t\t\t<\/a>\n\t\t\t\t\t\t<a  class=\"button style-default\"\n\t\t\t\t\t\t\thref=\"https:\/\/palatin.ch.ownb.it\/fr\/projets\/?c=participation-et-coresponsabilite-sociale\" style=\"--button-background: #A3D7FF\">\n\t\t\t\t\t\t\tParticipation et coresponsabilit\u00e9 sociale\n\t\t\t\t\t\t<\/a>\n\t\t\t\t\t\t<a  class=\"button style-default\"\n\t\t\t\t\t\t\thref=\"https:\/\/palatin.ch.ownb.it\/fr\/projets\/?c=sante-physique-psychique-et-sociale\" style=\"--button-background: #e8e137\">\n\t\t\t\t\t\t\tSant\u00e9 physique, psychique et sociale\n\t\t\t\t\t\t<\/a>\n\t\t\t\t<\/div>\n\t\t\t<\/div>\n\t\t<\/div>\n\n\n\n\n\n\t\t\t<a href=\"https:\/\/palatin.ch.ownb.it\/fr\/projekt\/enfants-places-en-famille-daccueil-prochaine-generation\/\" class=\"post page-section style-default layout-default\" style=\"--hover-background: #A3D7FF\">\n\t\t\t\t<div class=\"container\">\n\t\t\t\t\t<article>\n\t\t\t\t\t\t<div class=\"content-wrap\">\n\t\t\t\t\t\t\t<div class=\"content no-inner-padding\">\n\t\t\t\t\t\t\t\t<h2>Enfants plac\u00e9s en famille d\u2019accueil \u2013 prochaine g\u00e9n\u00e9ration<\/h2>\n<p>Le projet \u00ab Enfants plac\u00e9s en famille d&#8217;accueil \u2013 Prochaine g\u00e9n\u00e9ration \u00bb vise \u00e0 am\u00e9liorer durablement les conditions dans lesquelles les enfants plac\u00e9s en famille d\u2019accueil grandissent en Suisse. Le projet mise sur la recherche et le dialogue pour ouvrir des opportunit\u00e9s et apporter de nouvelles impulsions \u00e0 la pratique.<\/p>\n\t\t\t\t\t\t\t<\/div>\n\t\t\t\t\t\t<\/div>\n\t\t\t\t\t\t<div class=\"img-wrap\" style=\"--thubmnail-width: 308; --thumbnail-height: 308;\">\n<img loading=\"lazy\" decoding=\"async\" width=\"308\" height=\"308\" src=\"https:\/\/palatin.ch.ownb.it\/wp-content\/uploads\/Vorstadttheater1.png\" class=\"attachment-tile size-tile wp-post-image\" alt=\"\" srcset=\"https:\/\/palatin.ch.ownb.it\/wp-content\/uploads\/Vorstadttheater1.png 308w, https:\/\/palatin.ch.ownb.it\/wp-content\/uploads\/Vorstadttheater1-300x300.png 300w, https:\/\/palatin.ch.ownb.it\/wp-content\/uploads\/Vorstadttheater1-150x150.png 150w\" sizes=\"auto, (max-width: 308px) 100vw, 308px\" \/>\t\t\t\t\t\t<\/div>\n\t\t\t\t\t<\/article>\n\t\t\t\t<\/div>\n\t\t\t<\/a>\n\t\t\t<a href=\"https:\/\/palatin.ch.ownb.it\/fr\/projekt\/samopouzdanje-confiance-en-soi\/\" class=\"post page-section style-default layout-default\" style=\"--hover-background: #A3D7FF\">\n\t\t\t\t<div class=\"container\">\n\t\t\t\t\t<article>\n\t\t\t\t\t\t<div class=\"content-wrap\">\n\t\t\t\t\t\t\t<div class=\"content no-inner-padding\">\n\t\t\t\t\t\t\t\t<h2>Samopouzdanje \u2013 Confiance en soi&nbsp;: Un soutien pour les filles et jeunes femmes sur la voie de l\u2019autonomie<\/h2>\n<p>La Fondation Palatin a trouv\u00e9 dans le cfd, Organisation f\u00e9ministe pour la paix, un partenaire exp\u00e9riment\u00e9 dans les projets encourageant l\u2019acc\u00e8s \u00e9quitable \u00e0 l\u2019\u00e9ducation et aux ressources en Europe de l\u2019Est. Les deux organisations ont esquiss\u00e9 et initi\u00e9 en commun un projet innovant, qui doit avoir valeur de mod\u00e8le, pour les filles et jeunes femmes de Bosnie-Herz\u00e9govine.<\/p>\n\t\t\t\t\t\t\t<\/div>\n\t\t\t\t\t\t<\/div>\n\t\t\t\t\t\t<div class=\"img-wrap\" style=\"--thubmnail-width: 1; --thumbnail-height: 1;\">\n<img loading=\"lazy\" decoding=\"async\" width=\"1\" height=\"1\" src=\"https:\/\/palatin.ch.ownb.it\/wp-content\/uploads\/VRG.svg\" class=\"attachment-tile size-tile wp-post-image\" alt=\"\" \/>\t\t\t\t\t\t<\/div>\n\t\t\t\t\t<\/article>\n\t\t\t\t<\/div>\n\t\t\t<\/a>\n\t\t\t<a href=\"https:\/\/palatin.ch.ownb.it\/fr\/projekt\/traitement-de-la-leucemie-lymphoblastique-aigue-lla\/\" class=\"post page-section style-default layout-default\" style=\"--hover-background: #e8e137\">\n\t\t\t\t<div class=\"container\">\n\t\t\t\t\t<article>\n\t\t\t\t\t\t<div class=\"content-wrap\">\n\t\t\t\t\t\t\t<div class=\"content no-inner-padding\">\n\t\t\t\t\t\t\t\t<h2>Traitement de la leuc\u00e9mie lymphoblastique aigu\u00eb (LLA)<\/h2>\n<p>La leuc\u00e9mie lymphoblastique aigu\u00eb, ou plus simplement LLA, est la forme la plus courante de cancer du sang chez les enfants et adolescents. La maladie se d\u00e9veloppe dans la moelle osseuse, o\u00f9 la formation normale du sang est perturb\u00e9e par une multiplication incontr\u00f4l\u00e9e de cellules sanguines immatures.<\/p>\n\t\t\t\t\t\t\t<\/div>\n\t\t\t\t\t\t<\/div>\n\t\t\t\t\t\t<div class=\"img-wrap\" style=\"--thubmnail-width: 360; --thumbnail-height: 279;\">\n<img loading=\"lazy\" decoding=\"async\" width=\"360\" height=\"279\" src=\"https:\/\/palatin.ch.ownb.it\/wp-content\/uploads\/AdobeStock_82909615-360x279.jpeg\" class=\"attachment-tile size-tile wp-post-image\" alt=\"\" srcset=\"https:\/\/palatin.ch.ownb.it\/wp-content\/uploads\/AdobeStock_82909615-360x279.jpeg 360w, https:\/\/palatin.ch.ownb.it\/wp-content\/uploads\/AdobeStock_82909615-720x558.jpeg 720w\" sizes=\"auto, (max-width: 360px) 100vw, 360px\" \/>\t\t\t\t\t\t<\/div>\n\t\t\t\t\t<\/article>\n\t\t\t\t<\/div>\n\t\t\t<\/a>\n\t\t\t<a href=\"https:\/\/palatin.ch.ownb.it\/fr\/projekt\/informations-sante-sexuelle-en-langage-simple\/\" class=\"post page-section style-default layout-default\" style=\"--hover-background: #A3D7FF\">\n\t\t\t\t<div class=\"container\">\n\t\t\t\t\t<article>\n\t\t\t\t\t\t<div class=\"content-wrap\">\n\t\t\t\t\t\t\t<div class=\"content no-inner-padding\">\n\t\t\t\t\t\t\t\t<h2>Informations Sant\u00e9 sexuelle en langage simple<\/h2>\n<p>Tous les individus ont droit \u00e0 un acc\u00e8s \u00e9galitaire \u00e0 l\u2019information et aux prestations de sant\u00e9. Cela vaut notamment pour la sant\u00e9 sexuelle. Pour de jeunes gens avec des comp\u00e9tences limit\u00e9es en lecture, cela implique des messages en langage simple, ais\u00e9ment compr\u00e9hensibles.<\/p>\n\t\t\t\t\t\t\t<\/div>\n\t\t\t\t\t\t<\/div>\n\t\t\t\t\t\t<div class=\"img-wrap\" style=\"--thubmnail-width: 360; --thumbnail-height: 279;\">\n<img loading=\"lazy\" decoding=\"async\" width=\"360\" height=\"279\" src=\"https:\/\/palatin.ch.ownb.it\/wp-content\/uploads\/pexels-photo-4009366-360x279.jpg\" class=\"attachment-tile size-tile wp-post-image\" alt=\"\" srcset=\"https:\/\/palatin.ch.ownb.it\/wp-content\/uploads\/pexels-photo-4009366-360x279.jpg 360w, https:\/\/palatin.ch.ownb.it\/wp-content\/uploads\/pexels-photo-4009366-720x558.jpg 720w\" sizes=\"auto, (max-width: 360px) 100vw, 360px\" \/>\t\t\t\t\t\t<\/div>\n\t\t\t\t\t<\/article>\n\t\t\t\t<\/div>\n\t\t\t<\/a>\n\t<\/div>\n\n\n","protected":false},"excerpt":{"rendered":"<p>Tous les individus ont droit \u00e0 un acc\u00e8s \u00e9galitaire \u00e0 l\u2019information et aux prestations de sant\u00e9. Cela vaut notamment pour la sant\u00e9 sexuelle. Pour de jeunes gens avec des comp\u00e9tences limit\u00e9es en lecture, cela implique des messages en langage simple, ais\u00e9ment compr\u00e9hensibles. Dans sa campagne men\u00e9e partout en Suisse, la Fondation Sant\u00e9 sexuelle Suisse s\u2019adresse [&hellip;]<\/p>\n","protected":false},"author":1,"featured_media":0,"parent":0,"menu_order":0,"comment_status":"closed","ping_status":"closed","template":"","meta":{"_acf_changed":false,"inline_featured_image":false,"footnotes":""},"class_list":["post-760","page","type-page","status-publish","hentry"],"acf":[],"_links":{"self":[{"href":"https:\/\/palatin.ch.ownb.it\/fr\/wp-json\/wp\/v2\/pages\/760","targetHints":{"allow":["GET"]}}],"collection":[{"href":"https:\/\/palatin.ch.ownb.it\/fr\/wp-json\/wp\/v2\/pages"}],"about":[{"href":"https:\/\/palatin.ch.ownb.it\/fr\/wp-json\/wp\/v2\/types\/page"}],"author":[{"embeddable":true,"href":"https:\/\/palatin.ch.ownb.it\/fr\/wp-json\/wp\/v2\/users\/1"}],"replies":[{"embeddable":true,"href":"https:\/\/palatin.ch.ownb.it\/fr\/wp-json\/wp\/v2\/comments?post=760"}],"version-history":[{"count":3,"href":"https:\/\/palatin.ch.ownb.it\/fr\/wp-json\/wp\/v2\/pages\/760\/revisions"}],"predecessor-version":[{"id":780,"href":"https:\/\/palatin.ch.ownb.it\/fr\/wp-json\/wp\/v2\/pages\/760\/revisions\/780"}],"wp:attachment":[{"href":"https:\/\/palatin.ch.ownb.it\/fr\/wp-json\/wp\/v2\/media?parent=760"}],"curies":[{"name":"wp","href":"https:\/\/api.w.org\/{rel}","templated":true}]}}