{"id":608,"date":"2022-08-02T14:19:21","date_gmt":"2022-08-02T12:19:21","guid":{"rendered":"https:\/\/palatin.ch.ownb.it\/?page_id=608"},"modified":"2024-03-31T22:27:15","modified_gmt":"2024-03-31T20:27:15","slug":"startseite","status":"publish","type":"page","link":"https:\/\/palatin.ch.ownb.it\/fr\/","title":{"rendered":"Accueil"},"content":{"rendered":"<link data-name=\"until-s\" rel=\"preload\" as=\"style\" href=\"https:\/\/palatin.ch.ownb.it\/wp-content\/uploads\/pexels-photo-3771683-540x304.jpg\" media=\"(min-width: 0px) and (max-width: 539px) and (max-height: 303.75px) and (max-resolution: 1.999dppx), (min-height: 0px) and (max-width: 539px) and (max-height: 303.75px) and (max-resolution: 1.999dppx)\">\n<link data-name=\"until-s@2x\" rel=\"preload\" as=\"style\" href=\"https:\/\/palatin.ch.ownb.it\/wp-content\/uploads\/pexels-photo-3771683-1080x608.jpg\" media=\"(min-width: 0px) and (max-width: 539px) and (max-height: 303.75px) and (min-resolution: 2dppx), (min-height: 0px) and (max-width: 539px) and (max-height: 303.75px) and (min-resolution: 2dppx)\">\n<link data-name=\"until-sm\" rel=\"preload\" as=\"style\" href=\"https:\/\/palatin.ch.ownb.it\/wp-content\/uploads\/pexels-photo-3771683-768x432.jpg\" media=\"(min-width: 540px) and (max-width: 767px) and (max-height: 432px) and (max-resolution: 1.999dppx), (min-height: 810px) and (max-width: 767px) and (max-height: 432px) and (max-resolution: 1.999dppx)\">\n<link data-name=\"until-sm@2x\" rel=\"preload\" as=\"style\" href=\"https:\/\/palatin.ch.ownb.it\/wp-content\/uploads\/pexels-photo-3771683-1536x864.jpg\" media=\"(min-width: 540px) and (max-width: 767px) and (max-height: 432px) and (min-resolution: 2dppx), (min-height: 810px) and (max-width: 767px) and (max-height: 432px) and (min-resolution: 2dppx)\">\n<link data-name=\"until-md\" rel=\"preload\" as=\"style\" href=\"https:\/\/palatin.ch.ownb.it\/wp-content\/uploads\/pexels-photo-3771683-992x558.jpg\" media=\"(min-width: 768px) and (max-width: 991px) and (max-height: 558px) and (max-resolution: 1.999dppx), (min-height: 1152px) and (max-width: 991px) and (max-height: 558px) and (max-resolution: 1.999dppx)\">\n<link data-name=\"until-md@2x\" rel=\"preload\" as=\"style\" href=\"https:\/\/palatin.ch.ownb.it\/wp-content\/uploads\/pexels-photo-3771683-1984x1116.jpg\" media=\"(min-width: 768px) and (max-width: 991px) and (max-height: 558px) and (min-resolution: 2dppx), (min-height: 1152px) and (max-width: 991px) and (max-height: 558px) and (min-resolution: 2dppx)\">\n<link data-name=\"until-lg\" rel=\"preload\" as=\"style\" href=\"https:\/\/palatin.ch.ownb.it\/wp-content\/uploads\/pexels-photo-3771683.jpg\" media=\"(min-width: 992px) and (max-width: 1199px) and (max-height: 675px) and (max-resolution: 1.999dppx), (min-height: 1488px) and (max-width: 1199px) and (max-height: 675px) and (max-resolution: 1.999dppx)\">\n<link data-name=\"until-lg@2x\" rel=\"preload\" as=\"style\" href=\"https:\/\/palatin.ch.ownb.it\/wp-content\/uploads\/pexels-photo-3771683.jpg\" media=\"(min-width: 992px) and (max-width: 1199px) and (max-height: 675px) and (min-resolution: 2dppx), (min-height: 1488px) and (max-width: 1199px) and (max-height: 675px) and (min-resolution: 2dppx)\">\n<link data-name=\"until-xl\" rel=\"preload\" as=\"style\" href=\"https:\/\/palatin.ch.ownb.it\/wp-content\/uploads\/pexels-photo-3771683.jpg\" media=\"(min-width: 1200px) and (max-width: 1399px) and (max-height: 787.5px) and (max-resolution: 1.999dppx), (min-height: 1800px) and (max-width: 1399px) and (max-height: 787.5px) and (max-resolution: 1.999dppx)\">\n<link data-name=\"until-xl@2x\" rel=\"preload\" as=\"style\" href=\"https:\/\/palatin.ch.ownb.it\/wp-content\/uploads\/pexels-photo-3771683.jpg\" media=\"(min-width: 1200px) and (max-width: 1399px) and (max-height: 787.5px) and (min-resolution: 2dppx), (min-height: 1800px) and (max-width: 1399px) and (max-height: 787.5px) and (min-resolution: 2dppx)\">\n<link data-name=\"until-2xl\" rel=\"preload\" as=\"style\" href=\"https:\/\/palatin.ch.ownb.it\/wp-content\/uploads\/pexels-photo-3771683.jpg\" media=\"(min-width: 1400px) and (max-width: 1599px) and (max-height: 900px) and (max-resolution: 1.999dppx), (min-height: 2100px) and (max-width: 1599px) and (max-height: 900px) and (max-resolution: 1.999dppx)\">\n<link data-name=\"until-2xl@2x\" rel=\"preload\" as=\"style\" href=\"https:\/\/palatin.ch.ownb.it\/wp-content\/uploads\/pexels-photo-3771683.jpg\" media=\"(min-width: 1400px) and (max-width: 1599px) and (max-height: 900px) and (min-resolution: 2dppx), (min-height: 2100px) and (max-width: 1599px) and (max-height: 900px) and (min-resolution: 2dppx)\">\n<link data-name=\"until-3xl\" rel=\"preload\" as=\"style\" href=\"https:\/\/palatin.ch.ownb.it\/wp-content\/uploads\/pexels-photo-3771683.jpg\" media=\"(min-width: 1600px) and (max-width: 1899px) and (max-height: 1068.75px) and (max-resolution: 1.999dppx), (min-height: 2400px) and (max-width: 1899px) and (max-height: 1068.75px) and (max-resolution: 1.999dppx)\">\n<link data-name=\"until-3xl@2x\" rel=\"preload\" as=\"style\" href=\"https:\/\/palatin.ch.ownb.it\/wp-content\/uploads\/pexels-photo-3771683.jpg\" media=\"(min-width: 1600px) and (max-width: 1899px) and (max-height: 1068.75px) and (min-resolution: 2dppx), (min-height: 2400px) and (max-width: 1899px) and (max-height: 1068.75px) and (min-resolution: 2dppx)\">\n<link data-name=\"full\" rel=\"preload\" as=\"style\" href=\"https:\/\/palatin.ch.ownb.it\/wp-content\/uploads\/pexels-photo-3771683.jpg\" media=\"(min-width: 1900px)\">\n<div class=\"hero-section hero-is-image hero-align-center hero-size-full\" style=\"--hero-image-full: url(https:\/\/palatin.ch.ownb.it\/wp-content\/uploads\/pexels-photo-3771683.jpg); --hero-image-aspect-ratio: 0.66666666666667; --hero-image-until-s: url(https:\/\/palatin.ch.ownb.it\/wp-content\/uploads\/pexels-photo-3771683-540x304.jpg); --hero-image-until-s-2x: url(https:\/\/palatin.ch.ownb.it\/wp-content\/uploads\/pexels-photo-3771683-1080x608.jpg); --hero-image-until-sm: url(https:\/\/palatin.ch.ownb.it\/wp-content\/uploads\/pexels-photo-3771683-768x432.jpg); --hero-image-until-sm-2x: url(https:\/\/palatin.ch.ownb.it\/wp-content\/uploads\/pexels-photo-3771683-1536x864.jpg); --hero-image-until-md: url(https:\/\/palatin.ch.ownb.it\/wp-content\/uploads\/pexels-photo-3771683-992x558.jpg); --hero-image-until-md-2x: url(https:\/\/palatin.ch.ownb.it\/wp-content\/uploads\/pexels-photo-3771683-1984x1116.jpg); --hero-image-until-lg: url(https:\/\/palatin.ch.ownb.it\/wp-content\/uploads\/pexels-photo-3771683.jpg); --hero-image-until-lg-2x: url(https:\/\/palatin.ch.ownb.it\/wp-content\/uploads\/pexels-photo-3771683.jpg); --hero-image-until-xl: url(https:\/\/palatin.ch.ownb.it\/wp-content\/uploads\/pexels-photo-3771683.jpg); --hero-image-until-xl-2x: url(https:\/\/palatin.ch.ownb.it\/wp-content\/uploads\/pexels-photo-3771683.jpg); --hero-image-until-2xl: url(https:\/\/palatin.ch.ownb.it\/wp-content\/uploads\/pexels-photo-3771683.jpg); --hero-image-until-2xl-2x: url(https:\/\/palatin.ch.ownb.it\/wp-content\/uploads\/pexels-photo-3771683.jpg); --hero-image-until-3xl: url(https:\/\/palatin.ch.ownb.it\/wp-content\/uploads\/pexels-photo-3771683.jpg); --hero-image-until-3xl-2x: url(https:\/\/palatin.ch.ownb.it\/wp-content\/uploads\/pexels-photo-3771683.jpg); --hero-image-position: 48.556430446194% 45.559930008749%\"\n>\n\t<div class=\"hero-media\">\n\t<\/div>\n<\/div><div  class=\"page-section style-default layout-default align-default\" data-css-locator=\"2870c411-139f-430c-beae-963ccdda9bde\">\n\t<div class=\"section-grid grid-layout container\"><div  style=\"--grid-layout-index: 1; --col-xs: 12; --col-sm: 12; --col-md: 12; --col-lg: 12; --col-xl: 12\" class=\"section-item layout-default layout-margin-default\"><div class=\"quote\">\n\t<blockquote class=\"text-marker peach\">L&#8217;homme doit \u00e0 l&#8217;enfant le meilleur de ce qu&#8217;il a \u00e0 lui donner.<\/blockquote>\n\t<div class=\"author\">Extrait de la D\u00e9claration de l&#8217;ONU sur la protection de l&#8217;enfant<\/div>\n<\/div>\n<\/div><\/div>\n<\/div><div  class=\"page-section style-default layout-default align-default\">\n\t<div class=\"section-grid grid-layout container\"><div  style=\"--grid-layout-index: 1; --col-xs: 12; --col-sm: 12; --col-md: 12; --col-lg: 12; --col-xl: 12\" class=\"section-item layout-default layout-margin-default\"><h1>La Fondation Palatin<\/h1>\n<p>La Fondation Palatin s&#8217;engage pour que les enfants, les adolescents et les jeunes adultes grandissent de mani\u00e8re aussi libre et autonome que possible, pour renforcer l&#8217;expression et la responsabilit\u00e9 sociale du groupe cible de la promotion. Elle s&#8217;engage pour l&#8217;am\u00e9lioration des conditions de d\u00e9veloppement et des structures pour le groupe cible et renforce pour cela les bases n\u00e9cessaires telles que la sant\u00e9 physique, psychique et sociale.<\/p>\n<p>La pratique d&#8217;attribution se focalise sur des projets du domaine science\/recherche ainsi que du domaine pratique\/soins.<br \/>\nProchaines \u00e9ch\u00e9ances pour le d\u00e9p\u00f4t des requ\u00eates :<br \/>\n<span class=\"text-marker peach\">10 f\u00e9vrier 2024<\/span><br \/>\n<span class=\"text-marker peach\">30 juin 2024<\/span><\/p>\n<p>Les soumissions de projets ax\u00e9s sur la sant\u00e9 (m\u00e9dicale) dans le domaine de la recherche ne sont accept\u00e9es qu&#8217;une fois par an :<br \/>\n<span class=\"text-marker peach\">30 juin 2024<\/span><\/p>\n\n\n<div class=\"buttons\">\n\t<div class=\"button-group\">\n\n\t\t\t<a\n\t\t\t\thref=\"https:\/\/palatin.ch.ownb.it\/fr\/deposer-une-requete\/\" class=\"button style-default\"\n\t\t\t>\n\t\t\t\tD\u00e9poser une requ\u00eate\n\t\t\t<\/a>\n\t<\/div>\n<\/div>\n<p>Avant de soumettre une requ\u00eate, veuillez prendre le temps de vous informer sur les <a href=\"\/fr\/promotion\/#conditions-de-soumission\">conditions de soumission<\/a>.<\/p>\n<\/div><\/div>\n<\/div>","protected":false},"excerpt":{"rendered":"<p>L&#8217;homme doit \u00e0 l&#8217;enfant le meilleur de ce qu&#8217;il a \u00e0 lui donner. Extrait de la D\u00e9claration de l&#8217;ONU sur la protection de l&#8217;enfant La Fondation Palatin La Fondation Palatin s&#8217;engage pour que les enfants, les adolescents et les jeunes adultes grandissent de mani\u00e8re aussi libre et autonome que possible, pour renforcer l&#8217;expression et la [&hellip;]<\/p>\n","protected":false},"author":1,"featured_media":0,"parent":0,"menu_order":0,"comment_status":"closed","ping_status":"closed","template":"","meta":{"_acf_changed":false,"inline_featured_image":false,"footnotes":""},"class_list":["post-608","page","type-page","status-publish","hentry"],"acf":[],"_links":{"self":[{"href":"https:\/\/palatin.ch.ownb.it\/fr\/wp-json\/wp\/v2\/pages\/608","targetHints":{"allow":["GET"]}}],"collection":[{"href":"https:\/\/palatin.ch.ownb.it\/fr\/wp-json\/wp\/v2\/pages"}],"about":[{"href":"https:\/\/palatin.ch.ownb.it\/fr\/wp-json\/wp\/v2\/types\/page"}],"author":[{"embeddable":true,"href":"https:\/\/palatin.ch.ownb.it\/fr\/wp-json\/wp\/v2\/users\/1"}],"replies":[{"embeddable":true,"href":"https:\/\/palatin.ch.ownb.it\/fr\/wp-json\/wp\/v2\/comments?post=608"}],"version-history":[{"count":10,"href":"https:\/\/palatin.ch.ownb.it\/fr\/wp-json\/wp\/v2\/pages\/608\/revisions"}],"predecessor-version":[{"id":867,"href":"https:\/\/palatin.ch.ownb.it\/fr\/wp-json\/wp\/v2\/pages\/608\/revisions\/867"}],"wp:attachment":[{"href":"https:\/\/palatin.ch.ownb.it\/fr\/wp-json\/wp\/v2\/media?parent=608"}],"curies":[{"name":"wp","href":"https:\/\/api.w.org\/{rel}","templated":true}]}}