{"id":649,"date":"2024-03-03T09:15:39","date_gmt":"2024-03-03T08:15:39","guid":{"rendered":"https:\/\/palatin.ch.ownb.it\/?page_id=649"},"modified":"2024-04-10T20:07:43","modified_gmt":"2024-04-10T18:07:43","slug":"news","status":"publish","type":"page","link":"https:\/\/palatin.ch.ownb.it\/en\/news\/","title":{"rendered":"News"},"content":{"rendered":"<div class=\"page-intro page-section style-default layout-default\">\n\t<div class=\"container\">\n\t\t<h1 class=\"huge-title\">News<\/h1>\n\t\t<div class=\"content no-inner-padding\">\n\t\t<\/div>\n\t<\/div>\n<\/div>\n\n\n\t<div class=\"recent-posts\">\n\n\n\n\t\t\t<a href=\"https:\/\/palatin.ch.ownb.it\/en\/projektbesuch-im-lupola-atelier-2\/\" class=\"post page-section style-default layout-default centered-thumbnail\">\n\t\t\t\t<div class=\"container\">\n\t\t\t\t\t<article>\n\t\t\t\t\t\t<div class=\"content-wrap\">\n\t\t\t\t\t\t\t<div class=\"content no-inner-padding\">\n\t\t\t\t\t\t\t\t<h2>Projektbesuch im Lupola-Atelier<\/h2>\n<p>LU-PO-LA: Lupola. Lu steht f\u00fcr das Spiel, Lupo f\u00fcr den Wolf, das Rudel und den Gemeinschaftssinn und ola f\u00fcr Rollendes, nie Endendes und Prozesse mit offenem Ausgang. Seit September 2023 hat das Offene Lupola Atelier in der Gemeinschaftswerkstatt Freiwerk gestartet. Hier wird gezeichnet, gemalt, plastiziert, gebaut, geklebt, erfunden und vieles mehr. Die Palatin Stiftung unterst\u00fctzt [&hellip;]<\/p>\n\t\t\t\t\t\t\t<\/div>\n\t\t\t\t\t\t<\/div>\n\t\t\t\t\t\t<div class=\"img-wrap\" style=\"--thubmnail-width: 250; --thumbnail-height: 61;\">\n<img loading=\"lazy\" decoding=\"async\" width=\"250\" height=\"61\" src=\"https:\/\/palatin.ch.ownb.it\/wp-content\/uploads\/ownbit-webdesign.svg\" class=\"attachment-full size-full wp-post-image\" alt=\"\" \/>\t\t\t\t\t\t<\/div>\n\t\t\t\t\t<\/article>\n\t\t\t\t<\/div>\n\t\t\t<\/a>\n\t\t\t<a href=\"https:\/\/palatin.ch.ownb.it\/en\/angepasster-prozess-zur-gesuchseingabe\/\" class=\"post page-section style-default layout-default\">\n\t\t\t\t<div class=\"container\">\n\t\t\t\t\t<article>\n\t\t\t\t\t\t<div class=\"content-wrap\">\n\t\t\t\t\t\t\t<div class=\"content no-inner-padding\">\n\t\t\t\t\t\t\t\t<h2>Angepasster Prozess zur Gesuchseingabe<\/h2>\n<p>Die Palatin Stiftung hat den Prozess zur Gesuchseingabe angepasst. Neu erfolgen Projekteingaben \u00fcber diese Website unter Gesuch einreichen. Auch der Prozess der Projekt-Berichterstattung ist neu strukturiert. Bei Fragen wenden Sie sich bitte an die Gesch\u00e4ftsf\u00fchrerin.<\/p>\n\t\t\t\t\t\t\t<\/div>\n\t\t\t\t\t\t<\/div>\n\t\t\t\t\t\t<div class=\"img-wrap\" style=\"--thubmnail-width: 360; --thumbnail-height: 279;\">\n<img loading=\"lazy\" decoding=\"async\" width=\"360\" height=\"279\" src=\"https:\/\/palatin.ch.ownb.it\/wp-content\/uploads\/pexels-photo-1805843-360x279.webp\" class=\"attachment-tile size-tile wp-post-image\" alt=\"\" srcset=\"https:\/\/palatin.ch.ownb.it\/wp-content\/uploads\/pexels-photo-1805843-360x279.webp 360w, https:\/\/palatin.ch.ownb.it\/wp-content\/uploads\/pexels-photo-1805843-720x558.webp 720w\" sizes=\"auto, (max-width: 360px) 100vw, 360px\" \/>\t\t\t\t\t\t<\/div>\n\t\t\t\t\t<\/article>\n\t\t\t\t<\/div>\n\t\t\t<\/a>\n\t\t\t<a href=\"https:\/\/palatin.ch.ownb.it\/en\/angepasste-foerderausrichtung-der-palatin-stiftung\/\" class=\"post page-section style-default layout-default\">\n\t\t\t\t<div class=\"container\">\n\t\t\t\t\t<article>\n\t\t\t\t\t\t<div class=\"content-wrap\">\n\t\t\t\t\t\t\t<div class=\"content no-inner-padding\">\n\t\t\t\t\t\t\t\t<h2>Angepasste F\u00f6rderausrichtung der Palatin Stiftung<\/h2>\n<p>Die Palatin Stiftung hat ihre F\u00f6rderschwerpunkte angepasst und gesch\u00e4rft. Neu liegen die Akzente auf der &#8220;F\u00f6rderung von Partizipation und gesellschaftlicher Mitbestimmung&#8221; der Zielgruppe sowie auf den daf\u00fcr notwendigen Voraussetzungen der &#8220;Physischen, psychischen und sozialen Gesundheit&#8221;. Es werden in beiden F\u00f6rderbereichen Umsetzungs-\/Praxisprojekte zur Angebotsschaffung unterst\u00fctzt ebenso wie Forschungsprojekte resp. Projekte, die wissenschaftliche Grundlagen erforschen oder Praxisbegleitforschung [&hellip;]<\/p>\n\t\t\t\t\t\t\t<\/div>\n\t\t\t\t\t\t<\/div>\n\t\t\t\t\t\t<div class=\"img-wrap\" style=\"--thubmnail-width: 360; --thumbnail-height: 279;\">\n<img loading=\"lazy\" decoding=\"async\" width=\"360\" height=\"279\" src=\"https:\/\/palatin.ch.ownb.it\/wp-content\/uploads\/pexels-photo-12311846-360x279.jpg\" class=\"attachment-tile size-tile wp-post-image\" alt=\"\" srcset=\"https:\/\/palatin.ch.ownb.it\/wp-content\/uploads\/pexels-photo-12311846-360x279.jpg 360w, https:\/\/palatin.ch.ownb.it\/wp-content\/uploads\/pexels-photo-12311846-720x558.jpg 720w\" sizes=\"auto, (max-width: 360px) 100vw, 360px\" \/>\t\t\t\t\t\t<\/div>\n\t\t\t\t\t<\/article>\n\t\t\t\t<\/div>\n\t\t\t<\/a>\n\t<\/div>\n\n\n","protected":false},"excerpt":{"rendered":"<p>Die Palatin Stiftung hat ihre F\u00f6rderschwerpunkte angepasst und gesch\u00e4rft. Neu liegen die Akzente auf der &#8220;F\u00f6rderung von Partizipation und gesellschaftlicher Mitbestimmung&#8221; der Zielgruppe sowie auf den daf\u00fcr notwendigen Voraussetzungen der &#8220;Physischen, psychischen und sozialen Gesundheit&#8221;. Es werden in beiden F\u00f6rderbereichen Umsetzungs-\/Praxisprojekte zur Angebotsschaffung unterst\u00fctzt ebenso wie Forschungsprojekte resp. Projekte, die wissenschaftliche Grundlagen erforschen oder Praxisbegleitforschung [&hellip;]<\/p>\n","protected":false},"author":1,"featured_media":0,"parent":0,"menu_order":0,"comment_status":"closed","ping_status":"closed","template":"","meta":{"_acf_changed":false,"inline_featured_image":false,"footnotes":""},"class_list":["post-649","page","type-page","status-publish","hentry"],"acf":[],"_links":{"self":[{"href":"https:\/\/palatin.ch.ownb.it\/en\/wp-json\/wp\/v2\/pages\/649","targetHints":{"allow":["GET"]}}],"collection":[{"href":"https:\/\/palatin.ch.ownb.it\/en\/wp-json\/wp\/v2\/pages"}],"about":[{"href":"https:\/\/palatin.ch.ownb.it\/en\/wp-json\/wp\/v2\/types\/page"}],"author":[{"embeddable":true,"href":"https:\/\/palatin.ch.ownb.it\/en\/wp-json\/wp\/v2\/users\/1"}],"replies":[{"embeddable":true,"href":"https:\/\/palatin.ch.ownb.it\/en\/wp-json\/wp\/v2\/comments?post=649"}],"version-history":[{"count":7,"href":"https:\/\/palatin.ch.ownb.it\/en\/wp-json\/wp\/v2\/pages\/649\/revisions"}],"predecessor-version":[{"id":945,"href":"https:\/\/palatin.ch.ownb.it\/en\/wp-json\/wp\/v2\/pages\/649\/revisions\/945"}],"wp:attachment":[{"href":"https:\/\/palatin.ch.ownb.it\/en\/wp-json\/wp\/v2\/media?parent=649"}],"curies":[{"name":"wp","href":"https:\/\/api.w.org\/{rel}","templated":true}]}}